{"id":328,"date":"2021-09-29T13:51:20","date_gmt":"2021-09-29T11:51:20","guid":{"rendered":"http:\/\/alexandrallorens.org\/?page_id=328"},"modified":"2025-08-11T10:27:36","modified_gmt":"2025-08-11T10:27:36","slug":"about","status":"publish","type":"page","link":"https:\/\/alexandrallorens.com\/fr\/about\/","title":{"rendered":"A PROPOS"},"content":{"rendered":"<div id=\"fws_69e8f124a77f2\"  data-column-margin=\"default\" data-midnight=\"dark\"  class=\"wpb_row vc_row-fluid vc_row full-width-section\"  style=\"padding-top: 0px; padding-bottom: 0px; \"><div class=\"row-bg-wrap\" data-bg-animation=\"none\" data-bg-animation-delay=\"\" data-bg-overlay=\"false\"><div class=\"inner-wrap row-bg-layer\" ><div class=\"row-bg viewport-desktop using-bg-color\"  style=\"background-color: #24cbe5; \"><\/div><\/div><\/div><div class=\"row_col_wrap_12 col span_12 dark left\">\n\t<div  class=\"vc_col-sm-6 wpb_column column_container vc_column_container col no-extra-padding inherit_tablet inherit_phone\"  data-padding-pos=\"all\" data-has-bg-color=\"false\" data-bg-color=\"\" data-bg-opacity=\"1\" data-animation=\"\" data-delay=\"0\" >\n\t\t<div class=\"vc_column-inner\" >\n\t\t\t<div class=\"wpb_wrapper\">\n\t\t\t\t<div class=\"img-with-aniamtion-wrap center\" data-max-width=\"75%\" data-max-width-mobile=\"default\" data-shadow=\"none\" data-animation=\"fade-in\" >\n      <div class=\"inner\">\n        <div class=\"hover-wrap\"> \n          <div class=\"hover-wrap-inner\">\n            <img loading=\"lazy\" decoding=\"async\" class=\"img-with-animation skip-lazy\" data-delay=\"0\" height=\"1280\" width=\"960\" data-animation=\"fade-in\" src=\"https:\/\/alexandrallorens.com\/wp-content\/uploads\/2025\/08\/photo-portrait-Alexandra-Llorens.jpg\" alt=\"\" srcset=\"https:\/\/alexandrallorens.com\/wp-content\/uploads\/2025\/08\/photo-portrait-Alexandra-Llorens.jpg 960w, https:\/\/alexandrallorens.com\/wp-content\/uploads\/2025\/08\/photo-portrait-Alexandra-Llorens-225x300.jpg 225w, https:\/\/alexandrallorens.com\/wp-content\/uploads\/2025\/08\/photo-portrait-Alexandra-Llorens-768x1024.jpg 768w, https:\/\/alexandrallorens.com\/wp-content\/uploads\/2025\/08\/photo-portrait-Alexandra-Llorens-9x12.jpg 9w\" sizes=\"auto, (max-width: 960px) 100vw, 960px\" \/>\n          <\/div>\n        <\/div>\n      <\/div>\n    <\/div>\n\t\t\t<\/div> \n\t\t<\/div>\n\t<\/div> \n\n\t<div  class=\"vc_col-sm-6 wpb_column column_container vc_column_container col padding-3-percent inherit_tablet inherit_phone\"  data-padding-pos=\"top-bottom\" data-has-bg-color=\"false\" data-bg-color=\"\" data-bg-opacity=\"1\" data-animation=\"\" data-delay=\"0\" >\n\t\t<div class=\"vc_column-inner\" >\n\t\t\t<div class=\"wpb_wrapper\">\n\t\t\t\t\n<div class=\"wpb_text_column wpb_content_element\" >\n\t<div class=\"wpb_wrapper\">\n\t\t<p>Alexandra Llorens est n\u00e9e en France en 1991. Elle a \u00e9tudi\u00e9 la danse au CCN de Roubaix, \u00e0 l'universit\u00e9 Lille 3, \u00e0 l'universit\u00e9 des arts Folkwang d'Essen, ainsi que le th\u00e9\u00e2tre au conservatoire d'Avignon et les arts visuels \u00e0 la Sorbonne (beaux-arts) et au lyc\u00e9e F. Mistral d'Avignon (cin\u00e9ma).<\/p>\n<p class=\"translation-block\">Apr\u00e8s avoir obtenu son dipl\u00f4me \u00e0 la Folkwang en 2015, elle a prend part \u00e0 divers projets en Allemagne, en France, en Belgique et en Isra\u00ebl avec Meytal Blanaru, Fang Yun Lo, Samir Akika, Irene K. et Pascal Rambert.\nDe 2018 \u00e0 2022, elle est membre de la compagnie \u00ab Unusual Symptoms \u00bb (Th\u00e9\u00e2tre de la ville de Br\u00eame) o\u00f9 elle travaille avec Hodworks, Nuria Guiu Sagarra, Mate Meszaros, Felix Rothenh\u00e4usler, Gintersdorfer\/Kla\u00dfen, Helder Seabra et Faye Driscoll.<\/p>\n<p>En 2020, elle co-cr\u00e9e la \u00ab Flying Cats Company \u00bb avec le compositeur et musicien Nils O\u2019Swald.\nEnsemble, ils apportent leur recherche artistique dans les domaines de la danse, de la musique, de la performance et des arts visuels.\nExplorant les particularit\u00e9s et les contradictions de leur \u00e9poque de mani\u00e8re associative, ils recherchent des approches singuli\u00e8res dans leurs cr\u00e9ations.<\/p>\n<p class=\"translation-block\">En juillet 2023, la compagnie Flying Cats \u00e9tabli son si\u00e8ge social \u00e0 Marseille et a rejoint le p\u00f4le des jeunes artistes \u00e9mergents de l'association \u00ab Eclosion 13 \u00bb, qui lui apporte un soutien personnalis\u00e9 en mati\u00e8re de production, de cr\u00e9ation, de diffusion et de communication, ainsi que le soutien de l'association \u00ab Les T\u00eates de l'Art \u00bb.<\/p>\n\t<\/div>\n<\/div>\n\n\n\n\n\t\t\t<\/div> \n\t\t<\/div>\n\t<\/div> \n<\/div><\/div>\n\t\t<div id=\"fws_69e8f124a89b7\"  data-column-margin=\"default\" data-midnight=\"dark\"  class=\"wpb_row vc_row-fluid vc_row\"  style=\"padding-top: 0px; padding-bottom: 0px; \"><div class=\"row-bg-wrap\" data-bg-animation=\"none\" data-bg-animation-delay=\"\" data-bg-overlay=\"false\"><div class=\"inner-wrap row-bg-layer\" ><div class=\"row-bg viewport-desktop\"  style=\"\"><\/div><\/div><\/div><div class=\"row_col_wrap_12 col span_12 dark left\">\n\t<div  class=\"vc_col-sm-12 wpb_column column_container vc_column_container col no-extra-padding inherit_tablet inherit_phone\"  data-padding-pos=\"all\" data-has-bg-color=\"false\" data-bg-color=\"\" data-bg-opacity=\"1\" data-animation=\"\" data-delay=\"0\" >\n\t\t<div class=\"vc_column-inner\" >\n\t\t\t<div class=\"wpb_wrapper\">\n\t\t\t\t\n<div class=\"wpb_text_column wpb_content_element\" >\n\t<div class=\"wpb_wrapper\">\n\t\t\t<\/div>\n<\/div>\n\n\n\n\n\t\t\t<\/div> \n\t\t<\/div>\n\t<\/div> \n<\/div><\/div>","protected":false},"excerpt":{"rendered":"Alexandra Llorens was born in France in 1991. She studied dance at the National Choreographic Center of Roubaix, at the University Lille 3, at the Folkwang University of the Arts...","protected":false},"author":1,"featured_media":0,"parent":0,"menu_order":0,"comment_status":"closed","ping_status":"closed","template":"","meta":{"footnotes":""},"class_list":["post-328","page","type-page","status-publish"],"_links":{"self":[{"href":"https:\/\/alexandrallorens.com\/fr\/wp-json\/wp\/v2\/pages\/328","targetHints":{"allow":["GET"]}}],"collection":[{"href":"https:\/\/alexandrallorens.com\/fr\/wp-json\/wp\/v2\/pages"}],"about":[{"href":"https:\/\/alexandrallorens.com\/fr\/wp-json\/wp\/v2\/types\/page"}],"author":[{"embeddable":true,"href":"https:\/\/alexandrallorens.com\/fr\/wp-json\/wp\/v2\/users\/1"}],"replies":[{"embeddable":true,"href":"https:\/\/alexandrallorens.com\/fr\/wp-json\/wp\/v2\/comments?post=328"}],"version-history":[{"count":10,"href":"https:\/\/alexandrallorens.com\/fr\/wp-json\/wp\/v2\/pages\/328\/revisions"}],"predecessor-version":[{"id":891,"href":"https:\/\/alexandrallorens.com\/fr\/wp-json\/wp\/v2\/pages\/328\/revisions\/891"}],"wp:attachment":[{"href":"https:\/\/alexandrallorens.com\/fr\/wp-json\/wp\/v2\/media?parent=328"}],"curies":[{"name":"wp","href":"https:\/\/api.w.org\/{rel}","templated":true}]}}