{"id":338,"date":"2021-09-29T14:24:00","date_gmt":"2021-09-29T12:24:00","guid":{"rendered":"http:\/\/alexandrallorens.org\/?page_id=338"},"modified":"2023-02-23T13:41:47","modified_gmt":"2023-02-23T13:41:47","slug":"work","status":"publish","type":"page","link":"https:\/\/alexandrallorens.com\/fr\/work\/","title":{"rendered":"COLLABORATIONS"},"content":{"rendered":"<div id=\"fws_69e67df048e6d\"  data-column-margin=\"default\" data-midnight=\"light\" data-top-percent=\"0%\"  class=\"wpb_row vc_row-fluid vc_row full-width-section  top_padding_tablet_20pct bottom_padding_tablet_20pct\"  style=\"padding-top: calc(100vw * 0.00); padding-bottom: 0px; \"><div class=\"row-bg-wrap\" data-bg-animation=\"none\" data-bg-animation-delay=\"\" data-bg-overlay=\"false\"><div class=\"inner-wrap row-bg-layer\" ><div class=\"row-bg viewport-desktop using-bg-color\"  style=\"background-color: #0a0808; \"><\/div><\/div><\/div><div class=\"nectar-shape-divider-wrap no-color\" style=\" height:50px;\"  data-height=\"50\" data-front=\"\" data-style=\"fan\" data-position=\"bottom\" ><svg class=\"nectar-shape-divider\" aria-hidden=\"true\" fill=\"\" xmlns=\"http:\/\/www.w3.org\/2000\/svg\" viewbox=\"0 0 1003.92 91\" preserveaspectratio=\"none\"> <polygon class=\"cls-1\" points=\"502.46 46.31 1 85.67 1 91.89 1002.91 91.89 1002.91 85.78 502.46 46.31\"\/><polygon class=\"cls-2\" points=\"502.46 45.8 1 0 1 91.38 1002.91 91.38 1002.91 0.1 502.46 45.8\"\/><rect class=\"cls-3\" y=\"45.81\" width=\"1003.92\" height=\"46.09\"\/>\n          <\/svg><\/div><div class=\"row_col_wrap_12 col span_12 light left\">\n\t<div style=\" color: #ffffff;\" class=\"vc_col-sm-12 wpb_column column_container vc_column_container col no-extra-padding inherit_tablet inherit_phone\" data-cfc=\"true\" data-using-bg=\"true\" data-padding-pos=\"all\" data-has-bg-color=\"true\" data-bg-color=\"#0a0a0a\" data-bg-opacity=\"1\" data-animation=\"\" data-delay=\"0\" >\n\t\t<div class=\"vc_column-inner\" ><div class=\"column-bg-overlay-wrap column-bg-layer\" data-bg-animation=\"none\"><div class=\"column-bg-overlay\" style=\"opacity: 1; background-color: #0a0a0a;\"><\/div><\/div>\n\t\t\t<div class=\"wpb_wrapper\">\n\t\t\t\t<div class='nectar-post-grid-wrap text-color-light spacing-15px' data-el-settings='{\"post_type\":\"portfolio\",\"pagination\":\"load-more\",\"image_size\":\"large_featured\",\"parallax_scrolling\":\"\",\"aspect_ratio_image_size\":\"\",\"category_position\":\"default\",\"category_display\":\"default\",\"display_categories\":\"0\",\"display_excerpt\":\"yes\",\"excerpt_length\":\"20\",\"display_date\":\"0\",\"display_estimated_reading_time\":\"0\",\"display_author\":\"0\",\"author_functionality\":\"default\",\"author_position\":\"default\",\"color_overlay\":\"\",\"color_overlay_opacity\":\"\",\"color_overlay_hover_opacity\":\"\",\"card_bg_color\":\"\",\"grid_style\":\"content_under_image\",\"hover_effect\":\"none\",\"post_title_overlay\":\"\",\"heading_tag\":\"default\",\"heading_tag_render\":\"default\",\"enable_gallery_lightbox\":\"0\",\"category_style\":\"underline\",\"overlay_secondary_project_image\":\"\",\"vertical_list_hover_effect\":\"none\",\"vertical_list_read_more\":\"\",\"read_more_button\":\"0\",\"animation\":\"fade-in-from-bottom\",\"custom_fields\":\"\",\"custom_fields_location\":\"\",\"display_type\":\"grid\"}' data-style='content_under_image' data-query='{\"post_type\":\"portfolio\",\"posts_per_page\":\"10\",\"order\":\"DESC\",\"orderby\":\"rand\",\"offset\":\"0\",\"cpt_name\":\"post\",\"custom_query_tax\":\"\",\"ignore_sticky_posts\":\"\",\"exclude_current_post\":\"\"}' data-load-more-color='black' data-load-more-text='Load More'><div class=\"nectar-post-grid-filters\" data-active-color=\"default\" data-align=\"default\" data-animation=\"fade-in-from-bottom\" data-sortable=\"\"><div><a href=\"#\" data-filter=\"collabo-projects\" data-total-count=\"7\">Collaborations<\/a><\/div><\/div><div class=\"nectar-post-grid category-position-before-title\" data-indicator=\"\" data-indicator-style=\"default\" data-indicator-text-color=\"#fff\" data-indicator-color=\"#000\" data-indicator-text=\"View\" data-columns=\"3\" data-hover-effect=\"none\" data-text-style=\"default\" data-border-radius=\"none\" data-grid-item-height=\"30vh\" data-grid-spacing=\"15px\" data-text-layout=\"top_left\" data-text-color=\"light\" data-text-hover-color=\"light\" data-shadow-hover=\"yes\" data-animation=\"fade-in-from-bottom\" data-animation-stagger=\"90\" data-cat-click=\"default\"  data-lock-aspect=\"\"  data-text-align=\"left\" data-card=\"\" ><div class=\"nectar-post-grid-item\" data-post-id=\"742\" data-has-img=\"true\"> <div class=\"inner\"><div class=\"nectar-post-grid-item-bg-wrap\"><div class=\"nectar-post-grid-item-bg-wrap-inner\"><a class=\"bg-wrap-link\" href=\"https:\/\/alexandrallorens.com\/fr\/portfolio\/calving\/\"><span class=\"screen-reader-text\">CALVING<\/span><\/a><div class=\"nectar-post-grid-item-bg\"><img class=\"nectar-lazy\" data-nectar-img-src=\"https:\/\/alexandrallorens.com\/wp-content\/uploads\/2023\/02\/7D6D6D52-9D11-4460-A10F-DE824741B568.jpg\" alt=\"CALVING\" \/><\/div><\/div><\/div><div class=\"content\"><a class=\"nectar-post-grid-link\" href=\"https:\/\/alexandrallorens.com\/fr\/portfolio\/calving\/\" ><span class=\"screen-reader-text\">CALVING<\/span><\/a><div class=\"item-main\"><h3 class=\"post-heading\"><a href=\"https:\/\/alexandrallorens.com\/fr\/portfolio\/calving\/\"><span>CALVING<\/span><\/a><\/h3><div class=\"nectar-post-grid-item__excerpt-wrap item-meta-extra\"><span class=\"meta-excerpt\">Faye Driscoll<\/span><\/div><\/div><\/div><\/div><\/div><div class=\"nectar-post-grid-item\" data-post-id=\"665\" data-has-img=\"true\"> <div class=\"inner\"><div class=\"nectar-post-grid-item-bg-wrap\"><div class=\"nectar-post-grid-item-bg-wrap-inner\"><a class=\"bg-wrap-link\" href=\"https:\/\/alexandrallorens.com\/fr\/portfolio\/young-dogs-do-cry-sometimes\/\"><span class=\"screen-reader-text\">YOUNG DOGS DO CRY SOMETIMES<\/span><\/a><div class=\"nectar-post-grid-item-bg\"><img class=\"nectar-lazy\" data-nectar-img-src=\"https:\/\/alexandrallorens.com\/wp-content\/uploads\/2021\/10\/Young-dogs-...009-scaled.jpg\" alt=\"YOUNG DOGS DO CRY SOMETIMES\" \/><\/div><\/div><\/div><div class=\"content\"><a class=\"nectar-post-grid-link\" href=\"https:\/\/alexandrallorens.com\/fr\/portfolio\/young-dogs-do-cry-sometimes\/\" ><span class=\"screen-reader-text\">YOUNG DOGS DO CRY SOMETIMES<\/span><\/a><div class=\"item-main\"><h3 class=\"post-heading\"><a href=\"https:\/\/alexandrallorens.com\/fr\/portfolio\/young-dogs-do-cry-sometimes\/\"><span>YOUNG DOGS DO CRY SOMETIMES<\/span><\/a><\/h3><div class=\"nectar-post-grid-item__excerpt-wrap item-meta-extra\"><span class=\"meta-excerpt\">Samir Akika<\/span><\/div><\/div><\/div><\/div><\/div><div class=\"nectar-post-grid-item\" data-post-id=\"490\" data-has-img=\"true\"> <div class=\"inner\"><div class=\"nectar-post-grid-item-bg-wrap\"><div class=\"nectar-post-grid-item-bg-wrap-inner\"><a class=\"bg-wrap-link\" href=\"https:\/\/alexandrallorens.com\/fr\/portfolio\/diana-0752\/\"><span class=\"screen-reader-text\">DIANA \/ 0752<\/span><\/a><div class=\"nectar-post-grid-item-bg\"><img class=\"nectar-lazy\" data-nectar-img-src=\"https:\/\/alexandrallorens.com\/wp-content\/uploads\/2021\/10\/IMG_3054.jpg\" alt=\"DIANA \/ 0752\" \/><\/div><\/div><\/div><div class=\"content\"><a class=\"nectar-post-grid-link\" href=\"https:\/\/alexandrallorens.com\/fr\/portfolio\/diana-0752\/\" ><span class=\"screen-reader-text\">DIANA \/ 0752<\/span><\/a><div class=\"item-main\"><h3 class=\"post-heading\"><a href=\"https:\/\/alexandrallorens.com\/fr\/portfolio\/diana-0752\/\"><span>DIANA \/ 0752<\/span><\/a><\/h3><div class=\"nectar-post-grid-item__excerpt-wrap item-meta-extra\"><span class=\"meta-excerpt\">Film de Luisa Eugeni<\/span><\/div><\/div><\/div><\/div><\/div><div class=\"nectar-post-grid-item\" data-post-id=\"481\" data-has-img=\"true\"> <div class=\"inner\"><div class=\"nectar-post-grid-item-bg-wrap\"><div class=\"nectar-post-grid-item-bg-wrap-inner\"><a class=\"bg-wrap-link\" href=\"https:\/\/alexandrallorens.com\/fr\/portfolio\/futuralgia\/\"><span class=\"screen-reader-text\">FUTURALGIA<\/span><\/a><div class=\"nectar-post-grid-item-bg\"><img class=\"nectar-lazy\" data-nectar-img-src=\"https:\/\/alexandrallorens.com\/wp-content\/uploads\/2021\/10\/Futuralgia001-scaled.jpg\" alt=\"FUTURALGIA\" \/><\/div><\/div><\/div><div class=\"content\"><a class=\"nectar-post-grid-link\" href=\"https:\/\/alexandrallorens.com\/fr\/portfolio\/futuralgia\/\" ><span class=\"screen-reader-text\">FUTURALGIA<\/span><\/a><div class=\"item-main\"><h3 class=\"post-heading\"><a href=\"https:\/\/alexandrallorens.com\/fr\/portfolio\/futuralgia\/\"><span>FUTURALGIA<\/span><\/a><\/h3><div class=\"nectar-post-grid-item__excerpt-wrap item-meta-extra\"><span class=\"meta-excerpt\">N\u00faria Guiu Sagarra<\/span><\/div><\/div><\/div><\/div><\/div><div class=\"nectar-post-grid-item\" data-post-id=\"487\" data-has-img=\"true\"> <div class=\"inner\"><div class=\"nectar-post-grid-item-bg-wrap\"><div class=\"nectar-post-grid-item-bg-wrap-inner\"><a class=\"bg-wrap-link\" href=\"https:\/\/alexandrallorens.com\/fr\/portfolio\/coexist\/\"><span class=\"screen-reader-text\">COEXIST<\/span><\/a><div class=\"nectar-post-grid-item-bg\"><img class=\"nectar-lazy\" data-nectar-img-src=\"https:\/\/alexandrallorens.com\/wp-content\/uploads\/2021\/10\/hodworks_coexist_35mm_budapest_ofner_18-scaled.jpg\" alt=\"COEXIST\" \/><\/div><\/div><\/div><div class=\"content\"><a class=\"nectar-post-grid-link\" href=\"https:\/\/alexandrallorens.com\/fr\/portfolio\/coexist\/\" ><span class=\"screen-reader-text\">COEXIST<\/span><\/a><div class=\"item-main\"><h3 class=\"post-heading\"><a href=\"https:\/\/alexandrallorens.com\/fr\/portfolio\/coexist\/\"><span>COEXIST<\/span><\/a><\/h3><div class=\"nectar-post-grid-item__excerpt-wrap item-meta-extra\"><span class=\"meta-excerpt\">HODWORKS<\/span><\/div><\/div><\/div><\/div><\/div><div class=\"nectar-post-grid-item\" data-post-id=\"477\" data-has-img=\"true\"> <div class=\"inner\"><div class=\"nectar-post-grid-item-bg-wrap\"><div class=\"nectar-post-grid-item-bg-wrap-inner\"><a class=\"bg-wrap-link\" href=\"https:\/\/alexandrallorens.com\/fr\/portfolio\/spectrum\/\"><span class=\"screen-reader-text\">SPEKTRUM<\/span><\/a><div class=\"nectar-post-grid-item-bg\"><img class=\"nectar-lazy\" data-nectar-img-src=\"https:\/\/alexandrallorens.com\/wp-content\/uploads\/2021\/10\/imgtoolkit.culturebase.org-2-1.jpeg\" alt=\"SPEKTRUM\" \/><\/div><\/div><\/div><div class=\"content\"><a class=\"nectar-post-grid-link\" href=\"https:\/\/alexandrallorens.com\/fr\/portfolio\/spectrum\/\" ><span class=\"screen-reader-text\">SPEKTRUM<\/span><\/a><div class=\"item-main\"><h3 class=\"post-heading\"><a href=\"https:\/\/alexandrallorens.com\/fr\/portfolio\/spectrum\/\"><span>SPEKTRUM<\/span><\/a><\/h3><div class=\"nectar-post-grid-item__excerpt-wrap item-meta-extra\"><span class=\"meta-excerpt\">M\u00e1t\u00e9 M\u00e9sz\u00e1ros<\/span><\/div><\/div><\/div><\/div><\/div><div class=\"nectar-post-grid-item\" data-post-id=\"717\" data-has-img=\"true\"> <div class=\"inner\"><div class=\"nectar-post-grid-item-bg-wrap\"><div class=\"nectar-post-grid-item-bg-wrap-inner\"><a class=\"bg-wrap-link\" href=\"https:\/\/alexandrallorens.com\/fr\/portfolio\/revue\/\"><span class=\"screen-reader-text\">REVUE<\/span><\/a><div class=\"nectar-post-grid-item-bg\"><img class=\"nectar-lazy\" data-nectar-img-src=\"https:\/\/alexandrallorens.com\/wp-content\/uploads\/2022\/12\/Revue_7_Foto-Jorg-Landsberg-scaled.jpg\" alt=\"REVUE\" \/><\/div><\/div><\/div><div class=\"content\"><a class=\"nectar-post-grid-link\" href=\"https:\/\/alexandrallorens.com\/fr\/portfolio\/revue\/\" ><span class=\"screen-reader-text\">REVUE<\/span><\/a><div class=\"item-main\"><h3 class=\"post-heading\"><a href=\"https:\/\/alexandrallorens.com\/fr\/portfolio\/revue\/\"><span>REVUE<\/span><\/a><\/h3><div class=\"nectar-post-grid-item__excerpt-wrap item-meta-extra\"><span class=\"meta-excerpt\">Felix Rothenh\u00e4usler<\/span><\/div><\/div><\/div><\/div><\/div><\/div><\/div>\n\t\t\t<\/div> \n\t\t<\/div>\n\t<\/div> \n<\/div><\/div>","protected":false},"excerpt":{"rendered":"","protected":false},"author":1,"featured_media":347,"parent":0,"menu_order":0,"comment_status":"closed","ping_status":"closed","template":"","meta":{"footnotes":""},"class_list":["post-338","page","type-page","status-publish","has-post-thumbnail"],"_links":{"self":[{"href":"https:\/\/alexandrallorens.com\/fr\/wp-json\/wp\/v2\/pages\/338","targetHints":{"allow":["GET"]}}],"collection":[{"href":"https:\/\/alexandrallorens.com\/fr\/wp-json\/wp\/v2\/pages"}],"about":[{"href":"https:\/\/alexandrallorens.com\/fr\/wp-json\/wp\/v2\/types\/page"}],"author":[{"embeddable":true,"href":"https:\/\/alexandrallorens.com\/fr\/wp-json\/wp\/v2\/users\/1"}],"replies":[{"embeddable":true,"href":"https:\/\/alexandrallorens.com\/fr\/wp-json\/wp\/v2\/comments?post=338"}],"version-history":[{"count":11,"href":"https:\/\/alexandrallorens.com\/fr\/wp-json\/wp\/v2\/pages\/338\/revisions"}],"predecessor-version":[{"id":740,"href":"https:\/\/alexandrallorens.com\/fr\/wp-json\/wp\/v2\/pages\/338\/revisions\/740"}],"wp:featuredmedia":[{"embeddable":true,"href":"https:\/\/alexandrallorens.com\/fr\/wp-json\/wp\/v2\/media\/347"}],"wp:attachment":[{"href":"https:\/\/alexandrallorens.com\/fr\/wp-json\/wp\/v2\/media?parent=338"}],"curies":[{"name":"wp","href":"https:\/\/api.w.org\/{rel}","templated":true}]}}